{"id":19273,"date":"2025-05-14T00:08:13","date_gmt":"2025-05-14T00:08:13","guid":{"rendered":"https:\/\/ahmetsavasan.com\/?page_id=19273"},"modified":"2025-06-05T18:56:34","modified_gmt":"2025-06-05T18:56:34","slug":"videolar","status":"publish","type":"page","link":"https:\/\/ahmetsavasan.com\/en\/videolar\/","title":{"rendered":"Videos"},"content":{"rendered":"<div data-elementor-type=\"wp-page\" data-elementor-id=\"19273\" class=\"elementor elementor-19273\">\n\t\t\t\t<div class=\"elementor-element elementor-element-a259da8 e-flex e-con-boxed e-con e-parent\" data-id=\"a259da8\" data-element_type=\"container\" data-e-type=\"container\">\n\t\t\t\t\t<div class=\"e-con-inner\">\n\t\t\t\t<div class=\"elementor-element elementor-element-be9a416 elementor-widget elementor-widget-text-editor\" data-id=\"be9a416\" data-element_type=\"widget\" data-e-type=\"widget\" data-widget_type=\"text-editor.default\">\n\t\t\t\t<div class=\"elementor-widget-container\">\n\t\t\t\t\t\t\t\t\t<p>Ahmet Sava\u015fan's YouTube channel aims to transparently share with the public his work in many areas ranging from legislative activities to international contacts, from health policies to youth projects. Updated with conference and congress speeches, event videos, interviews and exclusive content, the channel builds a communication bridge that is both informative and participatory. If you would like to follow Ahmet Sava\u015fan's vision and work more closely, don't forget to subscribe to his channel.<\/p>\t\t\t\t\t\t\t\t<\/div>\n\t\t\t\t<\/div>\n\t\t\t\t\t<\/div>\n\t\t\t\t<\/div>\n\t\t<div class=\"elementor-element elementor-element-955648b e-flex e-con-boxed e-con e-parent\" data-id=\"955648b\" data-element_type=\"container\" data-e-type=\"container\">\n\t\t\t\t\t<div class=\"e-con-inner\">\n\t\t\t\t<div class=\"elementor-element elementor-element-3115c6d elementor-widget elementor-widget-html\" data-id=\"3115c6d\" data-element_type=\"widget\" data-e-type=\"widget\" data-widget_type=\"html.default\">\n\t\t\t\t<div class=\"elementor-widget-container\">\n\t\t\t\t\t<!-- Elfsight YouTube Gallery | Untitled YouTube Gallery -->\n<script src=\"https:\/\/static.elfsight.com\/platform\/platform.js\" async><\/script>\n<div class=\"elfsight-app-cf079d85-f2a3-43f5-8e6d-5c411451b4a1\" data-elfsight-app-lazy><\/div>\t\t\t\t<\/div>\n\t\t\t\t<\/div>\n\t\t\t\t\t<\/div>\n\t\t\t\t<\/div>\n\t\t\t\t<\/div>","protected":false},"excerpt":{"rendered":"<p>Ahmet Sava\u015fan\u2019\u0131n YouTube kanal\u0131, yasama faaliyetlerinden uluslararas\u0131 temaslara, sa\u011fl\u0131k politikalar\u0131ndan gen\u00e7lik projelerine kadar bir\u00e7ok alandaki \u00e7al\u0131\u015fmalar\u0131 kamuoyuyla \u015feffaf bir \u015fekilde payla\u015fmay\u0131 ama\u00e7l\u0131yor. Konferans ve kongre konu\u015fmalar\u0131, etkinlik videolar\u0131, r\u00f6portajlar ve \u00f6zel i\u00e7eriklerle g\u00fcncellenen kanal; hem bilgilendirici hem de kat\u0131l\u0131mc\u0131 bir ileti\u015fim k\u00f6pr\u00fcs\u00fc kuruyor. Siz de Ahmet Sava\u015fan\u2019\u0131n vizyonunu ve \u00e7al\u0131\u015fmalar\u0131n\u0131 daha yak\u0131ndan takip etmek isterseniz, [&hellip;]<\/p>","protected":false},"author":1,"featured_media":0,"parent":0,"menu_order":0,"comment_status":"closed","ping_status":"closed","template":"elementor_header_footer","meta":{"_monsterinsights_skip_tracking":false,"_monsterinsights_sitenote_active":false,"_monsterinsights_sitenote_note":"","_monsterinsights_sitenote_category":0,"footnotes":""},"class_list":["post-19273","page","type-page","status-publish","hentry"],"aioseo_notices":[],"_links":{"self":[{"href":"https:\/\/ahmetsavasan.com\/en\/wp-json\/wp\/v2\/pages\/19273","targetHints":{"allow":["GET"]}}],"collection":[{"href":"https:\/\/ahmetsavasan.com\/en\/wp-json\/wp\/v2\/pages"}],"about":[{"href":"https:\/\/ahmetsavasan.com\/en\/wp-json\/wp\/v2\/types\/page"}],"author":[{"embeddable":true,"href":"https:\/\/ahmetsavasan.com\/en\/wp-json\/wp\/v2\/users\/1"}],"replies":[{"embeddable":true,"href":"https:\/\/ahmetsavasan.com\/en\/wp-json\/wp\/v2\/comments?post=19273"}],"version-history":[{"count":11,"href":"https:\/\/ahmetsavasan.com\/en\/wp-json\/wp\/v2\/pages\/19273\/revisions"}],"predecessor-version":[{"id":20441,"href":"https:\/\/ahmetsavasan.com\/en\/wp-json\/wp\/v2\/pages\/19273\/revisions\/20441"}],"wp:attachment":[{"href":"https:\/\/ahmetsavasan.com\/en\/wp-json\/wp\/v2\/media?parent=19273"}],"curies":[{"name":"wp","href":"https:\/\/api.w.org\/{rel}","templated":true}]}}