{"id":19290,"date":"2025-05-14T00:14:24","date_gmt":"2025-05-14T00:14:24","guid":{"rendered":"https:\/\/ahmetsavasan.com\/?page_id=19290"},"modified":"2025-05-30T18:55:08","modified_gmt":"2025-05-30T18:55:08","slug":"basin-kiti","status":"publish","type":"page","link":"https:\/\/ahmetsavasan.com\/en\/basin-kiti\/","title":{"rendered":"Press Kit"},"content":{"rendered":"<div data-elementor-type=\"wp-page\" data-elementor-id=\"19290\" class=\"elementor elementor-19290\">\n\t\t\t\t<div class=\"elementor-element elementor-element-f8f9994 e-flex e-con-boxed e-con e-parent\" data-id=\"f8f9994\" data-element_type=\"container\" data-e-type=\"container\">\n\t\t\t\t\t<div class=\"e-con-inner\">\n\t\t<div class=\"elementor-element elementor-element-3ea915e e-con-full e-flex e-con e-child\" data-id=\"3ea915e\" data-element_type=\"container\" data-e-type=\"container\">\n\t\t\t\t<\/div>\n\t\t<div class=\"elementor-element elementor-element-fabefa7 e-con-full e-flex e-con e-child\" data-id=\"fabefa7\" data-element_type=\"container\" data-e-type=\"container\">\n\t\t\t\t<div class=\"elementor-element elementor-element-2bb3b77 elementor-widget elementor-widget-gimont_elementor_image_box\" data-id=\"2bb3b77\" data-element_type=\"widget\" data-e-type=\"widget\" data-widget_type=\"gimont_elementor_image_box.default\">\n\t\t\t\t<div class=\"elementor-widget-container\">\n\t\t\t\t\t\n\t\t\t<div class=\"ova-image-box\">\n\n\t\t\t\t\t\t\t\t\t<img decoding=\"async\" src=\"https:\/\/ahmetsavasan.com\/wp-content\/uploads\/2025\/05\/cropped-amblem.png\" alt=\"cropped-amblem.png\" class=\"img-box\">\n\t\t\t\t\n\t\t\t\t<div class=\"content_inner\">\n\t\t\t\t\t\t\t\t\t\t\t\t\t\t\t\t\t\t<h3 class=\"title\">Logo Design (Pdf)<\/h3>\n\t\t\t\t\t\t\t\t\t\t\t\t\t\t\t\t\t\t\t\t\t\t<p class=\"description\">Ahmet Sava\u015fan Logo Design<\/p>\n\t\t\t\t\t\t\t\t\t\t\t\t\t\t\t\t<a href=\"\" class=\"text_link\"  >\n\t\t\t\t\t\t\t<span class=\"text-button\">\n\t\t\t\t\t\t\t\tDownload Now\t\t\t\t\t\t\t<\/span>\n\t\t\t\t\t\t\t<i aria-hidden=\"true\" class=\"flaticonnew- flaticon-new-right\"><\/i>\n\t\t\t\t\t\t<\/a>\n\t\t\t\t\t\t\t\t\t<\/div>\n\n\t\t\t<\/div>\n\n\t\t\t\t\t\t<\/div>\n\t\t\t\t<\/div>\n\t\t\t\t<\/div>\n\t\t<div class=\"elementor-element elementor-element-5d83e53 e-con-full e-flex e-con e-child\" data-id=\"5d83e53\" data-element_type=\"container\" data-e-type=\"container\">\n\t\t\t\t<\/div>\n\t\t<div class=\"elementor-element elementor-element-4718fdc e-con-full e-flex e-con e-child\" data-id=\"4718fdc\" data-element_type=\"container\" data-e-type=\"container\">\n\t\t\t\t<\/div>\n\t\t\t\t\t<\/div>\n\t\t\t\t<\/div>\n\t\t\t\t<\/div>","protected":false},"excerpt":{"rendered":"<p>Logo Tasar\u0131m\u0131 (Pdf) Ahmet Sava\u015fan Logo Tasar\u0131m\u0131 Hemen \u0130ndir<\/p>","protected":false},"author":1,"featured_media":0,"parent":0,"menu_order":0,"comment_status":"closed","ping_status":"closed","template":"elementor_header_footer","meta":{"_monsterinsights_skip_tracking":false,"_monsterinsights_sitenote_active":false,"_monsterinsights_sitenote_note":"","_monsterinsights_sitenote_category":0,"footnotes":""},"class_list":["post-19290","page","type-page","status-publish","hentry"],"aioseo_notices":[],"_links":{"self":[{"href":"https:\/\/ahmetsavasan.com\/en\/wp-json\/wp\/v2\/pages\/19290","targetHints":{"allow":["GET"]}}],"collection":[{"href":"https:\/\/ahmetsavasan.com\/en\/wp-json\/wp\/v2\/pages"}],"about":[{"href":"https:\/\/ahmetsavasan.com\/en\/wp-json\/wp\/v2\/types\/page"}],"author":[{"embeddable":true,"href":"https:\/\/ahmetsavasan.com\/en\/wp-json\/wp\/v2\/users\/1"}],"replies":[{"embeddable":true,"href":"https:\/\/ahmetsavasan.com\/en\/wp-json\/wp\/v2\/comments?post=19290"}],"version-history":[{"count":7,"href":"https:\/\/ahmetsavasan.com\/en\/wp-json\/wp\/v2\/pages\/19290\/revisions"}],"predecessor-version":[{"id":19362,"href":"https:\/\/ahmetsavasan.com\/en\/wp-json\/wp\/v2\/pages\/19290\/revisions\/19362"}],"wp:attachment":[{"href":"https:\/\/ahmetsavasan.com\/en\/wp-json\/wp\/v2\/media?parent=19290"}],"curies":[{"name":"wp","href":"https:\/\/api.w.org\/{rel}","templated":true}]}}