{"id":19420,"date":"2025-05-30T19:58:49","date_gmt":"2025-05-30T19:58:49","guid":{"rendered":"https:\/\/ahmetsavasan.com\/?page_id=19420"},"modified":"2025-06-05T22:07:05","modified_gmt":"2025-06-05T22:07:05","slug":"bilimsel-ve-akademik-kuruluslar-unvanlar","status":"publish","type":"page","link":"https:\/\/ahmetsavasan.com\/en\/bilimsel-ve-akademik-kuruluslar-unvanlar\/","title":{"rendered":"Scientific and Academic Organizations &amp; Titles"},"content":{"rendered":"<div data-elementor-type=\"wp-page\" data-elementor-id=\"19420\" class=\"elementor elementor-19420\">\n\t\t\t\t\t\t<section class=\"elementor-section elementor-top-section elementor-element elementor-element-6796179 elementor-section-boxed elementor-section-height-default elementor-section-height-default\" data-id=\"6796179\" data-element_type=\"section\" data-e-type=\"section\">\n\t\t\t\t\t\t<div class=\"elementor-container elementor-column-gap-default\">\n\t\t\t\t\t<div class=\"elementor-column elementor-col-100 elementor-top-column elementor-element elementor-element-c13eacc\" data-id=\"c13eacc\" data-element_type=\"column\" data-e-type=\"column\">\n\t\t\t<div class=\"elementor-widget-wrap elementor-element-populated\">\n\t\t\t\t\t\t<div class=\"elementor-element elementor-element-84c4ce4 elementor-widget elementor-widget-gimont_elementor_heading\" data-id=\"84c4ce4\" data-element_type=\"widget\" data-e-type=\"widget\" data-widget_type=\"gimont_elementor_heading.default\">\n\t\t\t\t<div class=\"elementor-widget-container\">\n\t\t\t\t\t\n\t\t\t<div class=\"ova-heading template_1\">\n\t\t\t\t\t\t\t\t\t\t\t\t\t\t\t<span class=\"line\"><\/span>\n\t\t\t\t\t\t\t\t\t\t<span class=\"subtitle\">Ahmet Sava\u015fan<\/span>\n\t\t\t\t\t\t\t\t\t\t\t\t\t\n\t\t\t\t\t\t\t\t\t\t\t\t\t\t\t<h2 class=\"title\">Scientific and Academic Organizations &amp; Titles<\/h2>\n\t\t\t\t\t\t\t\t\t\t\n\t\t\t\t\t\t\t\t\n\t\t\t\t\n\t\t\t<\/div>\n\n\t\t\t\t\t\t<\/div>\n\t\t\t\t<\/div>\n\t\t\t\t<section class=\"elementor-section elementor-inner-section elementor-element elementor-element-2bdaded elementor-section-full_width elementor-section-height-default elementor-section-height-default\" data-id=\"2bdaded\" data-element_type=\"section\" data-e-type=\"section\">\n\t\t\t\t\t\t<div class=\"elementor-container elementor-column-gap-default\">\n\t\t\t\t\t<div class=\"elementor-column elementor-col-50 elementor-inner-column elementor-element elementor-element-1b29e36\" data-id=\"1b29e36\" data-element_type=\"column\" data-e-type=\"column\">\n\t\t\t<div class=\"elementor-widget-wrap elementor-element-populated\">\n\t\t\t\t\t\t<div class=\"elementor-element elementor-element-f4c8518 elementor-widget elementor-widget-gimont_elementor_icon_box\" data-id=\"f4c8518\" data-element_type=\"widget\" data-e-type=\"widget\" data-widget_type=\"gimont_elementor_icon_box.default\">\n\t\t\t\t<div class=\"elementor-widget-container\">\n\t\t\t\t\t\n\t\t<div class=\"ova-icon-box template_2\">\n\t\t\t<div class=\"icon\">\n\t\t\t\t<i aria-hidden=\"true\" class=\"flaticon flaticon-medal\"><\/i>\t\t\t<\/div>\n\n\t\t\t<div class=\"info\">\n\t\t\t\t\n\t\t\t\t<h3 class=\"title\">Associate Professor title<\/h3>\n\n\t\t\t\t\t\t\t\t\t<p class=\"desc\">\n\t\t\t\t\t\tHe continues his academic studies with this title.\n\t\t\t\t\t<\/p>\n\t\t\t\t\t\t\t<\/div>\n\t\t<\/div>\n\n\t\t\t\t\t\t<\/div>\n\t\t\t\t<\/div>\n\t\t\t\t<div class=\"elementor-element elementor-element-c3b7d45 elementor-widget elementor-widget-gimont_elementor_icon_box\" data-id=\"c3b7d45\" data-element_type=\"widget\" data-e-type=\"widget\" data-widget_type=\"gimont_elementor_icon_box.default\">\n\t\t\t\t<div class=\"elementor-widget-container\">\n\t\t\t\t\t\n\t\t<div class=\"ova-icon-box template_2\">\n\t\t\t<div class=\"icon\">\n\t\t\t\t<i aria-hidden=\"true\" class=\"flaticon flaticon-medal\"><\/i>\t\t\t<\/div>\n\n\t\t\t<div class=\"info\">\n\t\t\t\t\n\t\t\t\t<h3 class=\"title\">Founding Board Member of Near East University Hospital<\/h3>\n\n\t\t\t\t\t\t\t\t\t<p class=\"desc\">\n\t\t\t\t\t\tAdministrative position in health management and international relations.\n\t\t\t\t\t<\/p>\n\t\t\t\t\t\t\t<\/div>\n\t\t<\/div>\n\n\t\t\t\t\t\t<\/div>\n\t\t\t\t<\/div>\n\t\t\t\t\t<\/div>\n\t\t<\/div>\n\t\t\t\t<div class=\"elementor-column elementor-col-50 elementor-inner-column elementor-element elementor-element-3939d61\" data-id=\"3939d61\" data-element_type=\"column\" data-e-type=\"column\">\n\t\t\t<div class=\"elementor-widget-wrap elementor-element-populated\">\n\t\t\t\t\t\t<div class=\"elementor-element elementor-element-2ccedfa elementor-widget elementor-widget-gimont_elementor_icon_box\" data-id=\"2ccedfa\" data-element_type=\"widget\" data-e-type=\"widget\" data-widget_type=\"gimont_elementor_icon_box.default\">\n\t\t\t\t<div class=\"elementor-widget-container\">\n\t\t\t\t\t\n\t\t<div class=\"ova-icon-box template_2\">\n\t\t\t<div class=\"icon\">\n\t\t\t\t<i aria-hidden=\"true\" class=\"flaticon flaticon-medal\"><\/i>\t\t\t<\/div>\n\n\t\t\t<div class=\"info\">\n\t\t\t\t\n\t\t\t\t<h3 class=\"title\">Founding President of NEU Tourism Research and Development Center<\/h3>\n\n\t\t\t\t\t\t\t\t\t<p class=\"desc\">\n\t\t\t\t\t\tScientific studies on tourism policies and development.\n\t\t\t\t\t<\/p>\n\t\t\t\t\t\t\t<\/div>\n\t\t<\/div>\n\n\t\t\t\t\t\t<\/div>\n\t\t\t\t<\/div>\n\t\t\t\t<div class=\"elementor-element elementor-element-29ca607 elementor-widget elementor-widget-gimont_elementor_icon_box\" data-id=\"29ca607\" data-element_type=\"widget\" data-e-type=\"widget\" data-widget_type=\"gimont_elementor_icon_box.default\">\n\t\t\t\t<div class=\"elementor-widget-container\">\n\t\t\t\t\t\n\t\t<div class=\"ova-icon-box template_2\">\n\t\t\t<div class=\"icon\">\n\t\t\t\t<i aria-hidden=\"true\" class=\"flaticon flaticon-medal\"><\/i>\t\t\t<\/div>\n\n\t\t\t<div class=\"info\">\n\t\t\t\t\n\t\t\t\t<h3 class=\"title\">Directorate of Patient Services and External Relations<\/h3>\n\n\t\t\t\t\t\t\t\t\t<p class=\"desc\">\n\t\t\t\t\t\tAdministrative position in health management and international relations.\n\t\t\t\t\t<\/p>\n\t\t\t\t\t\t\t<\/div>\n\t\t<\/div>\n\n\t\t\t\t\t\t<\/div>\n\t\t\t\t<\/div>\n\t\t\t\t\t<\/div>\n\t\t<\/div>\n\t\t\t\t\t<\/div>\n\t\t<\/section>\n\t\t\t\t\t<\/div>\n\t\t<\/div>\n\t\t\t\t\t<\/div>\n\t\t<\/section>\n\t\t\t\t<\/div>","protected":false},"excerpt":{"rendered":"<p>Ahmet Sava\u015fan Bilimsel ve Akademik Kurulu\u015flar &amp; Unvanlar Do\u00e7ent unvan\u0131 Akademik \u00e7al\u0131\u015fmalar\u0131n\u0131 bu unvanla s\u00fcrd\u00fcrmektedir. Yak\u0131n Do\u011fu \u00dcniversitesi Hastanesi Kurucu Y\u00f6netim Kurulu \u00dcyeli\u011fi Sa\u011fl\u0131k y\u00f6netimi ve uluslararas\u0131 ili\u015fkiler alan\u0131nda idari g\u00f6rev. YD\u00dc Turizm Ara\u015ft\u0131rma Geli\u015ftirme Merkezi Kurucu Ba\u015fkanl\u0131\u011f\u0131 Turizm politikalar\u0131 ve geli\u015fimi \u00fczerine bilimsel \u00e7al\u0131\u015fmalar. Hasta Hizmetleri ile D\u0131\u015f \u0130li\u015fkiler Ba\u015fkanl\u0131\u011f\u0131 Sa\u011fl\u0131k y\u00f6netimi ve uluslararas\u0131 [&hellip;]<\/p>","protected":false},"author":1,"featured_media":0,"parent":0,"menu_order":0,"comment_status":"closed","ping_status":"closed","template":"elementor_header_footer","meta":{"_monsterinsights_skip_tracking":false,"_monsterinsights_sitenote_active":false,"_monsterinsights_sitenote_note":"","_monsterinsights_sitenote_category":0,"footnotes":""},"class_list":["post-19420","page","type-page","status-publish","hentry"],"aioseo_notices":[],"_links":{"self":[{"href":"https:\/\/ahmetsavasan.com\/en\/wp-json\/wp\/v2\/pages\/19420","targetHints":{"allow":["GET"]}}],"collection":[{"href":"https:\/\/ahmetsavasan.com\/en\/wp-json\/wp\/v2\/pages"}],"about":[{"href":"https:\/\/ahmetsavasan.com\/en\/wp-json\/wp\/v2\/types\/page"}],"author":[{"embeddable":true,"href":"https:\/\/ahmetsavasan.com\/en\/wp-json\/wp\/v2\/users\/1"}],"replies":[{"embeddable":true,"href":"https:\/\/ahmetsavasan.com\/en\/wp-json\/wp\/v2\/comments?post=19420"}],"version-history":[{"count":7,"href":"https:\/\/ahmetsavasan.com\/en\/wp-json\/wp\/v2\/pages\/19420\/revisions"}],"predecessor-version":[{"id":19666,"href":"https:\/\/ahmetsavasan.com\/en\/wp-json\/wp\/v2\/pages\/19420\/revisions\/19666"}],"wp:attachment":[{"href":"https:\/\/ahmetsavasan.com\/en\/wp-json\/wp\/v2\/media?parent=19420"}],"curies":[{"name":"wp","href":"https:\/\/api.w.org\/{rel}","templated":true}]}}