{"id":19425,"date":"2025-05-30T19:59:20","date_gmt":"2025-05-30T19:59:20","guid":{"rendered":"https:\/\/ahmetsavasan.com\/?page_id=19425"},"modified":"2025-06-05T22:07:30","modified_gmt":"2025-06-05T22:07:30","slug":"sivil-toplum-ve-meslek-kuruluslari","status":"publish","type":"page","link":"https:\/\/ahmetsavasan.com\/en\/sivil-toplum-ve-meslek-kuruluslari\/","title":{"rendered":"Civil Society and Professional Organizations"},"content":{"rendered":"<div data-elementor-type=\"wp-page\" data-elementor-id=\"19425\" class=\"elementor elementor-19425\">\n\t\t\t\t\t\t<section class=\"elementor-section elementor-top-section elementor-element elementor-element-99d3887 elementor-section-boxed elementor-section-height-default elementor-section-height-default\" data-id=\"99d3887\" data-element_type=\"section\" data-e-type=\"section\">\n\t\t\t\t\t\t<div class=\"elementor-container elementor-column-gap-default\">\n\t\t\t\t\t<div class=\"elementor-column elementor-col-100 elementor-top-column elementor-element elementor-element-ecc2244\" data-id=\"ecc2244\" data-element_type=\"column\" data-e-type=\"column\">\n\t\t\t<div class=\"elementor-widget-wrap elementor-element-populated\">\n\t\t\t\t\t\t<div class=\"elementor-element elementor-element-26c908a elementor-widget elementor-widget-gimont_elementor_heading\" data-id=\"26c908a\" data-element_type=\"widget\" data-e-type=\"widget\" data-widget_type=\"gimont_elementor_heading.default\">\n\t\t\t\t<div class=\"elementor-widget-container\">\n\t\t\t\t\t\n\t\t\t<div class=\"ova-heading template_1\">\n\t\t\t\t\t\t\t\t\t\t\t\t\t\t\t<span class=\"line\"><\/span>\n\t\t\t\t\t\t\t\t\t\t<span class=\"subtitle\">Ahmet Sava\u015fan<\/span>\n\t\t\t\t\t\t\t\t\t\t\t\t\t\n\t\t\t\t\t\t\t\t\t\t\t\t\t\t\t<h2 class=\"title\">Civil Society and Professional Organizations<\/h2>\n\t\t\t\t\t\t\t\t\t\t\n\t\t\t\t\t\t\t\t\n\t\t\t\t\n\t\t\t<\/div>\n\n\t\t\t\t\t\t<\/div>\n\t\t\t\t<\/div>\n\t\t\t\t<section class=\"elementor-section elementor-inner-section elementor-element elementor-element-80c2669 elementor-section-full_width elementor-section-height-default elementor-section-height-default\" data-id=\"80c2669\" data-element_type=\"section\" data-e-type=\"section\">\n\t\t\t\t\t\t<div class=\"elementor-container elementor-column-gap-default\">\n\t\t\t\t\t<div class=\"elementor-column elementor-col-50 elementor-inner-column elementor-element elementor-element-1e13857\" data-id=\"1e13857\" data-element_type=\"column\" data-e-type=\"column\">\n\t\t\t<div class=\"elementor-widget-wrap elementor-element-populated\">\n\t\t\t\t\t\t<div class=\"elementor-element elementor-element-59ae298 elementor-widget elementor-widget-gimont_elementor_icon_box\" data-id=\"59ae298\" data-element_type=\"widget\" data-e-type=\"widget\" data-widget_type=\"gimont_elementor_icon_box.default\">\n\t\t\t\t<div class=\"elementor-widget-container\">\n\t\t\t\t\t\n\t\t<div class=\"ova-icon-box template_2\">\n\t\t\t<div class=\"icon\">\n\t\t\t\t<i aria-hidden=\"true\" class=\"flaticon flaticon-medal\"><\/i>\t\t\t<\/div>\n\n\t\t\t<div class=\"info\">\n\t\t\t\t\n\t\t\t\t<h3 class=\"title\">Cyprus Health Tourism Council - President<\/h3>\n\n\t\t\t\t\t\t\t\t\t<p class=\"desc\">\n\t\t\t\t\t\t(Currently in office)\n\t\t\t\t\t<\/p>\n\t\t\t\t\t\t\t<\/div>\n\t\t<\/div>\n\n\t\t\t\t\t\t<\/div>\n\t\t\t\t<\/div>\n\t\t\t\t<div class=\"elementor-element elementor-element-39f77af elementor-widget elementor-widget-gimont_elementor_icon_box\" data-id=\"39f77af\" data-element_type=\"widget\" data-e-type=\"widget\" data-widget_type=\"gimont_elementor_icon_box.default\">\n\t\t\t\t<div class=\"elementor-widget-container\">\n\t\t\t\t\t\n\t\t<div class=\"ova-icon-box template_2\">\n\t\t\t<div class=\"icon\">\n\t\t\t\t<i aria-hidden=\"true\" class=\"flaticon flaticon-medal\"><\/i>\t\t\t<\/div>\n\n\t\t\t<div class=\"info\">\n\t\t\t\t\n\t\t\t\t<h3 class=\"title\">Cyprus Turkish Tourism and Travel Agencies Association (KITSAB) - Secretary General<\/h3>\n\n\t\t\t\t\t\t\t\t\t<p class=\"desc\">\n\t\t\t\t\t\tHe worked as a representative of the tourism sector.\n\t\t\t\t\t<\/p>\n\t\t\t\t\t\t\t<\/div>\n\t\t<\/div>\n\n\t\t\t\t\t\t<\/div>\n\t\t\t\t<\/div>\n\t\t\t\t<div class=\"elementor-element elementor-element-146d28e elementor-widget elementor-widget-gimont_elementor_icon_box\" data-id=\"146d28e\" data-element_type=\"widget\" data-e-type=\"widget\" data-widget_type=\"gimont_elementor_icon_box.default\">\n\t\t\t\t<div class=\"elementor-widget-container\">\n\t\t\t\t\t\n\t\t<div class=\"ova-icon-box template_2\">\n\t\t\t<div class=\"icon\">\n\t\t\t\t<i aria-hidden=\"true\" class=\"flaticon flaticon-medal\"><\/i>\t\t\t<\/div>\n\n\t\t\t<div class=\"info\">\n\t\t\t\t\n\t\t\t\t<h3 class=\"title\">Near East Tourism Enterprises - General Manager<\/h3>\n\n\t\t\t\t\t\t\t\t\t<p class=\"desc\">\n\t\t\t\t\t\tTourism sector management.\n\t\t\t\t\t<\/p>\n\t\t\t\t\t\t\t<\/div>\n\t\t<\/div>\n\n\t\t\t\t\t\t<\/div>\n\t\t\t\t<\/div>\n\t\t\t\t\t<\/div>\n\t\t<\/div>\n\t\t\t\t<div class=\"elementor-column elementor-col-50 elementor-inner-column elementor-element elementor-element-6ce9288\" data-id=\"6ce9288\" data-element_type=\"column\" data-e-type=\"column\">\n\t\t\t<div class=\"elementor-widget-wrap elementor-element-populated\">\n\t\t\t\t\t\t<div class=\"elementor-element elementor-element-6f4ab22 elementor-widget elementor-widget-gimont_elementor_icon_box\" data-id=\"6f4ab22\" data-element_type=\"widget\" data-e-type=\"widget\" data-widget_type=\"gimont_elementor_icon_box.default\">\n\t\t\t\t<div class=\"elementor-widget-container\">\n\t\t\t\t\t\n\t\t<div class=\"ova-icon-box template_2\">\n\t\t\t<div class=\"icon\">\n\t\t\t\t<i aria-hidden=\"true\" class=\"flaticon flaticon-medal\"><\/i>\t\t\t<\/div>\n\n\t\t\t<div class=\"info\">\n\t\t\t\t\n\t\t\t\t<h3 class=\"title\">World Health Tourism Council (GHTC) - Chair 2023-2024<\/h3>\n\n\t\t\t\t\t\t\t\t\t<p class=\"desc\">\n\t\t\t\t\t\tHigh level representation in the field of international health tourism.\n\t\t\t\t\t<\/p>\n\t\t\t\t\t\t\t<\/div>\n\t\t<\/div>\n\n\t\t\t\t\t\t<\/div>\n\t\t\t\t<\/div>\n\t\t\t\t<div class=\"elementor-element elementor-element-5f79b6b elementor-widget elementor-widget-gimont_elementor_icon_box\" data-id=\"5f79b6b\" data-element_type=\"widget\" data-e-type=\"widget\" data-widget_type=\"gimont_elementor_icon_box.default\">\n\t\t\t\t<div class=\"elementor-widget-container\">\n\t\t\t\t\t\n\t\t<div class=\"ova-icon-box template_2\">\n\t\t\t<div class=\"icon\">\n\t\t\t\t<i aria-hidden=\"true\" class=\"flaticon flaticon-medal\"><\/i>\t\t\t<\/div>\n\n\t\t\t<div class=\"info\">\n\t\t\t\t\n\t\t\t\t<h3 class=\"title\">Cyprus Turkish Airlines (KTHY) - Audit Committee Member<\/h3>\n\n\t\t\t\t\t\t\t\t\t<p class=\"desc\">\n\t\t\t\t\t\tHe worked in the field of corporate audit and strategic decisions.\n\t\t\t\t\t<\/p>\n\t\t\t\t\t\t\t<\/div>\n\t\t<\/div>\n\n\t\t\t\t\t\t<\/div>\n\t\t\t\t<\/div>\n\t\t\t\t\t<\/div>\n\t\t<\/div>\n\t\t\t\t\t<\/div>\n\t\t<\/section>\n\t\t\t\t\t<\/div>\n\t\t<\/div>\n\t\t\t\t\t<\/div>\n\t\t<\/section>\n\t\t\t\t<\/div>","protected":false},"excerpt":{"rendered":"<p>Ahmet Sava\u015fan Sivil Toplum ve Meslek Kurulu\u015flar\u0131 K\u0131br\u0131s Sa\u011fl\u0131k Turizmi Konseyi \u2013 Ba\u015fkan (Halen g\u00f6revde) K\u0131br\u0131s T\u00fcrk Turizm ve Seyahat Acenteleri Birli\u011fi (KITSAB) \u2013 Genel Sekreter Turizm sekt\u00f6r\u00fcn\u00fcn temsilcisi olarak g\u00f6rev ald\u0131. Yak\u0131n Do\u011fu Turizm \u0130\u015fletmeleri \u2013 Genel M\u00fcd\u00fcr Turizm sekt\u00f6r\u00fc y\u00f6netimi. D\u00fcnya Sa\u011fl\u0131k Turizmi Konseyi (GHTC) \u2013 2023-2024 D\u00f6nem Ba\u015fkan\u0131 Uluslararas\u0131 sa\u011fl\u0131k turizmi alan\u0131nda [&hellip;]<\/p>","protected":false},"author":1,"featured_media":0,"parent":0,"menu_order":0,"comment_status":"closed","ping_status":"closed","template":"elementor_header_footer","meta":{"_monsterinsights_skip_tracking":false,"_monsterinsights_sitenote_active":false,"_monsterinsights_sitenote_note":"","_monsterinsights_sitenote_category":0,"footnotes":""},"class_list":["post-19425","page","type-page","status-publish","hentry"],"aioseo_notices":[],"_links":{"self":[{"href":"https:\/\/ahmetsavasan.com\/en\/wp-json\/wp\/v2\/pages\/19425","targetHints":{"allow":["GET"]}}],"collection":[{"href":"https:\/\/ahmetsavasan.com\/en\/wp-json\/wp\/v2\/pages"}],"about":[{"href":"https:\/\/ahmetsavasan.com\/en\/wp-json\/wp\/v2\/types\/page"}],"author":[{"embeddable":true,"href":"https:\/\/ahmetsavasan.com\/en\/wp-json\/wp\/v2\/users\/1"}],"replies":[{"embeddable":true,"href":"https:\/\/ahmetsavasan.com\/en\/wp-json\/wp\/v2\/comments?post=19425"}],"version-history":[{"count":7,"href":"https:\/\/ahmetsavasan.com\/en\/wp-json\/wp\/v2\/pages\/19425\/revisions"}],"predecessor-version":[{"id":19669,"href":"https:\/\/ahmetsavasan.com\/en\/wp-json\/wp\/v2\/pages\/19425\/revisions\/19669"}],"wp:attachment":[{"href":"https:\/\/ahmetsavasan.com\/en\/wp-json\/wp\/v2\/media?parent=19425"}],"curies":[{"name":"wp","href":"https:\/\/api.w.org\/{rel}","templated":true}]}}