{"id":19430,"date":"2025-05-30T20:00:21","date_gmt":"2025-05-30T20:00:21","guid":{"rendered":"https:\/\/ahmetsavasan.com\/?page_id=19430"},"modified":"2025-06-05T22:07:44","modified_gmt":"2025-06-05T22:07:44","slug":"uyesi-oldugu-kuruluslar","status":"publish","type":"page","link":"https:\/\/ahmetsavasan.com\/en\/uyesi-oldugu-kuruluslar\/","title":{"rendered":"Member Organizations"},"content":{"rendered":"<div data-elementor-type=\"wp-page\" data-elementor-id=\"19430\" class=\"elementor elementor-19430\">\n\t\t\t\t\t\t<section class=\"elementor-section elementor-top-section elementor-element elementor-element-73a77b4 elementor-section-boxed elementor-section-height-default elementor-section-height-default\" data-id=\"73a77b4\" data-element_type=\"section\" data-e-type=\"section\">\n\t\t\t\t\t\t<div class=\"elementor-container elementor-column-gap-default\">\n\t\t\t\t\t<div class=\"elementor-column elementor-col-100 elementor-top-column elementor-element elementor-element-162809b\" data-id=\"162809b\" data-element_type=\"column\" data-e-type=\"column\">\n\t\t\t<div class=\"elementor-widget-wrap elementor-element-populated\">\n\t\t\t\t\t\t<div class=\"elementor-element elementor-element-78ea5a3 elementor-widget elementor-widget-gimont_elementor_heading\" data-id=\"78ea5a3\" data-element_type=\"widget\" data-e-type=\"widget\" data-widget_type=\"gimont_elementor_heading.default\">\n\t\t\t\t<div class=\"elementor-widget-container\">\n\t\t\t\t\t\n\t\t\t<div class=\"ova-heading template_1\">\n\t\t\t\t\t\t\t\t\t\t\t\t\t\t\t<span class=\"line\"><\/span>\n\t\t\t\t\t\t\t\t\t\t<span class=\"subtitle\">Ahmet Sava\u015fan<\/span>\n\t\t\t\t\t\t\t\t\t\t\t\t\t\n\t\t\t\t\t\t\t\t\t\t\t\t\t\t\t<h2 class=\"title\">Member Organizations<\/h2>\n\t\t\t\t\t\t\t\t\t\t\n\t\t\t\t\t\t\t\t\n\t\t\t\t\n\t\t\t<\/div>\n\n\t\t\t\t\t\t<\/div>\n\t\t\t\t<\/div>\n\t\t\t\t<section class=\"elementor-section elementor-inner-section elementor-element elementor-element-d198277 elementor-section-full_width elementor-section-height-default elementor-section-height-default\" data-id=\"d198277\" data-element_type=\"section\" data-e-type=\"section\">\n\t\t\t\t\t\t<div class=\"elementor-container elementor-column-gap-default\">\n\t\t\t\t\t<div class=\"elementor-column elementor-col-50 elementor-inner-column elementor-element elementor-element-d92d86e\" data-id=\"d92d86e\" data-element_type=\"column\" data-e-type=\"column\">\n\t\t\t<div class=\"elementor-widget-wrap elementor-element-populated\">\n\t\t\t\t\t\t<div class=\"elementor-element elementor-element-9c1c452 elementor-widget elementor-widget-gimont_elementor_icon_box\" data-id=\"9c1c452\" data-element_type=\"widget\" data-e-type=\"widget\" data-widget_type=\"gimont_elementor_icon_box.default\">\n\t\t\t\t<div class=\"elementor-widget-container\">\n\t\t\t\t\t\n\t\t<div class=\"ova-icon-box template_2\">\n\t\t\t<div class=\"icon\">\n\t\t\t\t<i aria-hidden=\"true\" class=\"flaticon flaticon-medal\"><\/i>\t\t\t<\/div>\n\n\t\t\t<div class=\"info\">\n\t\t\t\t\n\t\t\t\t<h3 class=\"title\">Union of Turkish World Engineers and Architects (TDMMB)<\/h3>\n\n\t\t\t\t\t\t\t\t\t<p class=\"desc\">\n\t\t\t\t\t\tProfessional organization covering the Turkic World in the field of engineering.\n\t\t\t\t\t<\/p>\n\t\t\t\t\t\t\t<\/div>\n\t\t<\/div>\n\n\t\t\t\t\t\t<\/div>\n\t\t\t\t<\/div>\n\t\t\t\t<div class=\"elementor-element elementor-element-96f6bba elementor-widget elementor-widget-gimont_elementor_icon_box\" data-id=\"96f6bba\" data-element_type=\"widget\" data-e-type=\"widget\" data-widget_type=\"gimont_elementor_icon_box.default\">\n\t\t\t\t<div class=\"elementor-widget-container\">\n\t\t\t\t\t\n\t\t<div class=\"ova-icon-box template_2\">\n\t\t\t<div class=\"icon\">\n\t\t\t\t<i aria-hidden=\"true\" class=\"flaticon flaticon-medal\"><\/i>\t\t\t<\/div>\n\n\t\t\t<div class=\"info\">\n\t\t\t\t\n\t\t\t\t<h3 class=\"title\">Cyprus Turkish Chamber of Electrical Engineers<\/h3>\n\n\t\t\t\t\t\t\t\t\t<p class=\"desc\">\n\t\t\t\t\t\tA chamber of engineers for professional solidarity and development.\n\t\t\t\t\t<\/p>\n\t\t\t\t\t\t\t<\/div>\n\t\t<\/div>\n\n\t\t\t\t\t\t<\/div>\n\t\t\t\t<\/div>\n\t\t\t\t\t<\/div>\n\t\t<\/div>\n\t\t\t\t<div class=\"elementor-column elementor-col-50 elementor-inner-column elementor-element elementor-element-9910212\" data-id=\"9910212\" data-element_type=\"column\" data-e-type=\"column\">\n\t\t\t<div class=\"elementor-widget-wrap elementor-element-populated\">\n\t\t\t\t\t\t<div class=\"elementor-element elementor-element-0d2bcc0 elementor-widget elementor-widget-gimont_elementor_icon_box\" data-id=\"0d2bcc0\" data-element_type=\"widget\" data-e-type=\"widget\" data-widget_type=\"gimont_elementor_icon_box.default\">\n\t\t\t\t<div class=\"elementor-widget-container\">\n\t\t\t\t\t\n\t\t<div class=\"ova-icon-box template_2\">\n\t\t\t<div class=\"icon\">\n\t\t\t\t<i aria-hidden=\"true\" class=\"flaticon flaticon-medal\"><\/i>\t\t\t<\/div>\n\n\t\t\t<div class=\"info\">\n\t\t\t\t\n\t\t\t\t<h3 class=\"title\">World Disability Union (WDU)<\/h3>\n\n\t\t\t\t\t\t\t\t\t<p class=\"desc\">\n\t\t\t\t\t\tIt works on disability rights and global accessibility issues.\n\t\t\t\t\t<\/p>\n\t\t\t\t\t\t\t<\/div>\n\t\t<\/div>\n\n\t\t\t\t\t\t<\/div>\n\t\t\t\t<\/div>\n\t\t\t\t\t<\/div>\n\t\t<\/div>\n\t\t\t\t\t<\/div>\n\t\t<\/section>\n\t\t\t\t\t<\/div>\n\t\t<\/div>\n\t\t\t\t\t<\/div>\n\t\t<\/section>\n\t\t\t\t<\/div>","protected":false},"excerpt":{"rendered":"<p>Ahmet Sava\u015fan \u00dcyesi Oldu\u011fu Kurulu\u015flar T\u00fcrk D\u00fcnyas\u0131 M\u00fchendisler ve Mimarlar Birli\u011fi (TDMMB) M\u00fchendislik alan\u0131nda T\u00fcrk D\u00fcnyas\u0131\u2019n\u0131 kapsayan meslek \u00f6rg\u00fct\u00fc. K\u0131br\u0131s T\u00fcrk Elektrik M\u00fchendisleri Odas\u0131 Mesleki dayan\u0131\u015fma ve geli\u015fim ama\u00e7l\u0131 m\u00fchendis odas\u0131. D\u00fcnya Engelliler Birli\u011fi (WDU) Engelli haklar\u0131 ve k\u00fcresel eri\u015filebilirlik konular\u0131nda faaliyet g\u00f6sterir.<\/p>","protected":false},"author":1,"featured_media":0,"parent":0,"menu_order":0,"comment_status":"closed","ping_status":"closed","template":"elementor_header_footer","meta":{"_monsterinsights_skip_tracking":false,"_monsterinsights_sitenote_active":false,"_monsterinsights_sitenote_note":"","_monsterinsights_sitenote_category":0,"footnotes":""},"class_list":["post-19430","page","type-page","status-publish","hentry"],"aioseo_notices":[],"_links":{"self":[{"href":"https:\/\/ahmetsavasan.com\/en\/wp-json\/wp\/v2\/pages\/19430","targetHints":{"allow":["GET"]}}],"collection":[{"href":"https:\/\/ahmetsavasan.com\/en\/wp-json\/wp\/v2\/pages"}],"about":[{"href":"https:\/\/ahmetsavasan.com\/en\/wp-json\/wp\/v2\/types\/page"}],"author":[{"embeddable":true,"href":"https:\/\/ahmetsavasan.com\/en\/wp-json\/wp\/v2\/users\/1"}],"replies":[{"embeddable":true,"href":"https:\/\/ahmetsavasan.com\/en\/wp-json\/wp\/v2\/comments?post=19430"}],"version-history":[{"count":7,"href":"https:\/\/ahmetsavasan.com\/en\/wp-json\/wp\/v2\/pages\/19430\/revisions"}],"predecessor-version":[{"id":19672,"href":"https:\/\/ahmetsavasan.com\/en\/wp-json\/wp\/v2\/pages\/19430\/revisions\/19672"}],"wp:attachment":[{"href":"https:\/\/ahmetsavasan.com\/en\/wp-json\/wp\/v2\/media?parent=19430"}],"curies":[{"name":"wp","href":"https:\/\/api.w.org\/{rel}","templated":true}]}}