{"id":21,"date":"2023-06-08T07:40:01","date_gmt":"2023-06-08T07:40:01","guid":{"rendered":"https:\/\/ahmetsavasan.com\/?page_id=21"},"modified":"2025-05-12T16:55:48","modified_gmt":"2025-05-12T16:55:48","slug":"iletisim","status":"publish","type":"page","link":"https:\/\/ahmetsavasan.com\/en\/iletisim\/","title":{"rendered":"Contact"},"content":{"rendered":"<div data-elementor-type=\"wp-page\" data-elementor-id=\"21\" class=\"elementor elementor-21\">\n\t\t\t\t\t\t<section class=\"elementor-section elementor-top-section elementor-element elementor-element-7d17241 elementor-section-boxed elementor-section-height-default elementor-section-height-default\" data-id=\"7d17241\" data-element_type=\"section\" data-e-type=\"section\">\n\t\t\t\t\t\t<div class=\"elementor-container elementor-column-gap-default\">\n\t\t\t\t\t<div class=\"elementor-column elementor-col-33 elementor-top-column elementor-element elementor-element-1462951\" data-id=\"1462951\" data-element_type=\"column\" data-e-type=\"column\">\n\t\t\t<div class=\"elementor-widget-wrap elementor-element-populated\">\n\t\t\t\t\t\t<div class=\"elementor-element elementor-element-f1ef5a6 elementor-widget elementor-widget-gimont_elementor_heading\" data-id=\"f1ef5a6\" data-element_type=\"widget\" data-e-type=\"widget\" data-widget_type=\"gimont_elementor_heading.default\">\n\t\t\t\t<div class=\"elementor-widget-container\">\n\t\t\t\t\t\n\t\t\t<div class=\"ova-heading template_1\">\n\t\t\t\t\t\t\t\t\t\t\t\t\t\t\t<span class=\"line\"><\/span>\n\t\t\t\t\t\t\t\t\t\t<span class=\"subtitle\">Contact with us<\/span>\n\t\t\t\t\t\t\t\t\t\t\t\t\t\n\t\t\t\t\t\t\t\t\t\t\t\t\t\t\t<h2 class=\"title\">Connect with Ahmet Sava\u015fan<\/h2>\n\t\t\t\t\t\t\t\t\t\t\n\t\t\t\t\t\t\t\t\n\t\t\t\t\n\t\t\t<\/div>\n\n\t\t\t\t\t\t<\/div>\n\t\t\t\t<\/div>\n\t\t\t\t<div class=\"elementor-element elementor-element-a9f97fe elementor-widget elementor-widget-text-editor\" data-id=\"a9f97fe\" data-element_type=\"widget\" data-e-type=\"widget\" data-widget_type=\"text-editor.default\">\n\t\t\t\t<div class=\"elementor-widget-container\">\n\t\t\t\t\t\t\t\t\t<p>Direct communication with our citizens is of great importance for us. You can fill out the form below or contact us via the communication channels indicated below to convey your opinions, suggestions and requests. Every feedback will guide the steps we will take for a stronger Northern Cyprus.<\/p>\t\t\t\t\t\t\t\t<\/div>\n\t\t\t\t<\/div>\n\t\t\t\t<div class=\"elementor-element elementor-element-01a58e2 elementor-widget elementor-widget-gimont_elementor_contact_info\" data-id=\"01a58e2\" data-element_type=\"widget\" data-e-type=\"widget\" data-widget_type=\"gimont_elementor_contact_info.default\">\n\t\t\t\t<div class=\"elementor-widget-container\">\n\t\t\t\t\t\n\t\t<div class=\"ova-contact-info template_1\">\n\n\t\t\t\n\t\t\t\t\t\t\t\n\t\t\t\t<div class=\"item\">\n\n\t\t\t\t\t<div class=\"icon\">\n\t\t\t\t\t\t<i aria-hidden=\"true\" class=\"gimonticon gimonticon-phone-call\"><\/i>\t\t\t\t\t<\/div>\n\n\t\t\t\t\t<div class=\"info\">\n\t\t\t\t\t\t<span class=\"label\">Call<\/span>\n\n\t\t\t\t\t\t<h3 class=\"text\">\n\t\t\t\t\t\t\t\t\t\t\t\t\t\t\t<a href=\"tel:tel:+90%20548%20858%2099%2099\"\n\t\t\t\t\t\t\t\t\ttitle=\"phone\"\n\t\t\t\t\t\t\t\t\ttarget=\"_blank\" >\n\t\t\t\t\t\t\t\t\t+90 548 858 99 99\t\t\t\t\t\t\t\t<\/a>\n\t\t\t\t\t\t\t\t\t\t\t\t\t<\/h3>\n\t\t\t\t\t\t\n\t\t\t\t\t<\/div>\n\n\t\t\t\t<\/div>\n\n\t\t\t\t\t\t\t\n\t\t\t\t<div class=\"item\">\n\n\t\t\t\t\t<div class=\"icon\">\n\t\t\t\t\t\t<i aria-hidden=\"true\" class=\"ovaicon ovaicon-email\"><\/i>\t\t\t\t\t<\/div>\n\n\t\t\t\t\t<div class=\"info\">\n\t\t\t\t\t\t<span class=\"label\">Send Email<\/span>\n\n\t\t\t\t\t\t<h3 class=\"text\">\n\t\t\t\t\t\t\t\t\t\t\t\t\t\t\t<a href=\"mailto:mailto:bilgi@ahmetsavasan.com\"\n\t\t\t\t\t\t\t\t\ttitle=\"email\"\n\t\t\t\t\t\t\t\t\ttarget=\"_blank\" >\n\t\t\t\t\t\t\t\t\tbilgi@ahmetsavasan.com\t\t\t\t\t\t\t\t<\/a>\n\t\t\t\t\t\t\t\t\t\t\t\t\t<\/h3>\n\t\t\t\t\t\t\n\t\t\t\t\t<\/div>\n\n\t\t\t\t<\/div>\n\n\t\t\t\t\t\t\t\n\t\t\t\t<div class=\"item\">\n\n\t\t\t\t\t<div class=\"icon\">\n\t\t\t\t\t\t<i aria-hidden=\"true\" class=\"gimonticon gimonticon-location\"><\/i>\t\t\t\t\t<\/div>\n\n\t\t\t\t\t<div class=\"info\">\n\t\t\t\t\t\t<span class=\"label\">Visit<\/span>\n\n\t\t\t\t\t\t<h3 class=\"text\">\n\t\t\t\t\t\t\t\t\t\t\t\t\t\t\t<a href=\"https:\/\/g.co\/kgs\/Npnhmms\"\n\t\t\t\t\t\t\t\t\ttitle=\"Mahmutpasa Mah. Pencizade Sok. No:11, Nicosia 99010, TRNC\"\n\t\t\t\t\t\t\t\t\ttarget=\"_blank\" >\n\t\t\t\t\t\t\t\t\tMahmutpasa Mah. Pencizade Sok. No:11, Nicosia 99010, TRNC\t\t\t\t\t\t\t\t<\/a>\n\t\t\t\t\t\t\t\t\t\t\t\t\t<\/h3>\n\t\t\t\t\t\t\n\t\t\t\t\t<\/div>\n\n\t\t\t\t<\/div>\n\n\t\t\t\n\t\t<\/div>\n\n\t\t\t\t\t\t<\/div>\n\t\t\t\t<\/div>\n\t\t\t\t\t<\/div>\n\t\t<\/div>\n\t\t\t\t<div class=\"elementor-column elementor-col-66 elementor-top-column elementor-element elementor-element-a10971d\" data-id=\"a10971d\" data-element_type=\"column\" data-e-type=\"column\">\n\t\t\t<div class=\"elementor-widget-wrap elementor-element-populated\">\n\t\t\t\t\t\t<div class=\"elementor-element elementor-element-9bc674e elementor-widget elementor-widget-shortcode\" data-id=\"9bc674e\" data-element_type=\"widget\" data-e-type=\"widget\" data-widget_type=\"shortcode.default\">\n\t\t\t\t<div class=\"elementor-widget-container\">\n\t\t\t\t\t\t\t<div class=\"elementor-shortcode\">\n<div class=\"wpcf7 no-js\" id=\"wpcf7-f19096-o1\" lang=\"tr-TR\" dir=\"ltr\" data-wpcf7-id=\"19096\">\n<div class=\"screen-reader-response\"><p role=\"status\" aria-live=\"polite\" aria-atomic=\"true\"><\/p> <ul><\/ul><\/div>\n<form action=\"\/en\/wp-json\/wp\/v2\/pages\/21#wpcf7-f19096-o1\" method=\"post\" class=\"wpcf7-form init\" aria-label=\"\u0130leti\u015fim Formu\" novalidate=\"novalidate\" data-status=\"init\" data-trp-original-action=\"\/en\/wp-json\/wp\/v2\/pages\/21#wpcf7-f19096-o1\">\n<fieldset class=\"hidden-fields-container\"><input type=\"hidden\" name=\"_wpcf7\" value=\"19096\" \/><input type=\"hidden\" name=\"_wpcf7_version\" value=\"6.1.5\" \/><input type=\"hidden\" name=\"_wpcf7_locale\" value=\"tr_TR\" \/><input type=\"hidden\" name=\"_wpcf7_unit_tag\" value=\"wpcf7-f19096-o1\" \/><input type=\"hidden\" name=\"_wpcf7_container_post\" value=\"0\" \/><input type=\"hidden\" name=\"_wpcf7_posted_data_hash\" value=\"\" \/>\n<\/fieldset>\n<div class=\"contact-form-wrapper\">\n\t<div class=\"contact-form-container\">\n\t\t<div class=\"form-header\">\n\t\t\t<h2>Contact Ahmet Sava\u015fan\n\t\t\t<\/h2>\n\t\t\t<p>You can fill out the form below for your comments, suggestions and requests.\n\t\t\t<\/p>\n\t\t<\/div>\n\t\t<div class=\"form-row\">\n\t\t\t<div class=\"form-group col-md-6\">\n\t\t\t\t<p><label for=\"ad-soyad\">Name Surname*<\/label><br \/>\n<span class=\"wpcf7-form-control-wrap\" data-name=\"ad-soyad\"><input size=\"40\" maxlength=\"400\" class=\"wpcf7-form-control wpcf7-text wpcf7-validates-as-required form-control\" aria-required=\"true\" aria-invalid=\"false\" placeholder=\"Your Name and Surname\" value=\"\" type=\"text\" name=\"ad-soyad\" \/><\/span>\n\t\t\t\t<\/p>\n\t\t\t<\/div>\n\t\t\t<div class=\"form-group col-md-6\">\n\t\t\t\t<p><label for=\"email\">Email*<\/label><br \/>\n<span class=\"wpcf7-form-control-wrap\" data-name=\"email\"><input size=\"40\" maxlength=\"400\" class=\"wpcf7-form-control wpcf7-email wpcf7-validates-as-required wpcf7-text wpcf7-validates-as-email form-control\" aria-required=\"true\" aria-invalid=\"false\" placeholder=\"Your Email Address\" value=\"\" type=\"email\" name=\"email\" \/><\/span>\n\t\t\t\t<\/p>\n\t\t\t<\/div>\n\t\t<\/div>\n\t\t<div class=\"form-row\">\n\t\t\t<div class=\"form-group col-md-6\">\n\t\t\t\t<p><label for=\"telefon\">Telephone<\/label><br \/>\n<span class=\"wpcf7-form-control-wrap\" data-name=\"telefon\"><input size=\"40\" maxlength=\"400\" class=\"wpcf7-form-control wpcf7-tel wpcf7-text wpcf7-validates-as-tel form-control\" aria-invalid=\"false\" placeholder=\"Your Phone Number\" value=\"\" type=\"tel\" name=\"telefon\" \/><\/span>\n\t\t\t\t<\/p>\n\t\t\t<\/div>\n\t\t\t<div class=\"form-group col-md-6\">\n\t\t\t\t<p><label for=\"konu\">Subject*<\/label><br \/>\n<span class=\"wpcf7-form-control-wrap\" data-name=\"konu\"><select class=\"wpcf7-form-control wpcf7-select wpcf7-validates-as-required form-control\" aria-required=\"true\" aria-invalid=\"false\" name=\"konu\"><option value=\"\u00d6neri\">Recommendation<\/option><option value=\"\u015eikayet\">Complaint<\/option><option value=\"Bilgi Talebi\">Information Request<\/option><option value=\"Randevu Talebi\">Appointment Request<\/option><option value=\"Di\u011fer\">Other<\/option><\/select><\/span>\n\t\t\t\t<\/p>\n\t\t\t<\/div>\n\t\t<\/div>\n\t\t<div class=\"form-group\">\n\t\t\t<p><label for=\"mesaj\">Your message*<\/label><br \/>\n<span class=\"wpcf7-form-control-wrap\" data-name=\"mesaj\"><textarea cols=\"40\" rows=\"5\" maxlength=\"2000\" class=\"wpcf7-form-control wpcf7-textarea wpcf7-validates-as-required form-control\" aria-required=\"true\" aria-invalid=\"false\" placeholder=\"Please write your message here...\" name=\"mesaj\"><\/textarea><\/span>\n\t\t\t<\/p>\n\t\t<\/div>\n\t\t<div class=\"form-group privacy-policy\">\n\t\t\t<p><span class=\"wpcf7-form-control-wrap\" data-name=\"politika\"><span class=\"wpcf7-form-control wpcf7-acceptance\"><span class=\"wpcf7-list-item\"><label><input type=\"checkbox\" name=\"politika\" value=\"1\" aria-invalid=\"false\" \/><span class=\"wpcf7-list-item-label\">Regarding the processing of my personal data <a href=\"\/en\/gizlilik-politikasi\/\" target=\"_blank\">Privacy Policy<\/a>'I have read and accept.<\/span><\/label><\/span><\/span><\/span>\n\t\t\t<\/p>\n\t\t<\/div>\n\t\t<div class=\"form-submit\">\n\t\t\t<p><input class=\"wpcf7-form-control wpcf7-submit has-spinner btn btn-primary\" type=\"submit\" value=\"Send\" \/>\n\t\t\t<\/p>\n\t\t<\/div>\n\t<\/div>\n<\/div>\n<style>\n\/* Completely Different Modern Style *\/\n.contact-form-wrapper {\n max-width: 850px;\n margin: 0 auto;\n padding: 20px;\n}\n\n.contact-form-container {\n background: #ffffff;\n border: none;\n border-radius: 12px;\n padding: 35px;\n box-shadow: 0 10px 40px rgba(0, 0, 0, 0.07);\n position: relative;\n}\n\n.form-header {\n text-align: center;\n margin-bottom: 30px;\n position: relative;\n padding-bottom: 20px;\n}\n\n.form-header:after {\n content: \"\";\n position: absolute;\n bottom: 0;\n left: 50%;\n transform: translateX(-50%);\n width: 60px;\n height: 3px;\n background: #1a5dad;\n}\n\n.form-header h2 {\n color: #1a5dad;\n font-size: 28px;\n font-weight: 700;\n margin-bottom: 12px;\n}\n\n.form-header p {\n color: #5a6a7e;\n font-size: 16px;\n}\n\n.form-row {\n display: flex;\n flex-wrap: wrap;\n margin: 0 -12px;\n}\n\n.form-group {\n margin-bottom: 22px;\n padding: 0 12px;\n}\n\n.col-md-6 {\n flex: 0 0 50%;\n max-width: 50%;\n}\n\nlabel {\n display: block;\n margin-bottom: 7px;\n font-weight: 600;\n color: #344767;\n font-size: 15px;\n}\n\n.form-control {\n display: block;\n width: 100%;\n padding: 14px 18px;\n font-size: 15px;\n line-height: 1.5;\n color: #344767;\n background-color: #f5f7fa;\n border: 1px solid #f5f7fa;\n border-radius: 8px;\n transition: all 0.2s ease;\n}\n\n.form-control:focus {\n background-color: #ffffff;\n border-color: #1a5dad;\n box-shadow: 0 3px 10px rgba(26, 93, 173, 0.1);\n outline: none;\n}\n\n.form-control::placeholder {\n color: #9ca3af;\n}\n\nselect.form-control {\n cursor: pointer;\n background-image: url(\"data:image\/svg+xml,%3csvg xmlns='http:\/\/www.w3.org\/2000\/svg' viewBox='0 0 16 16'%3e%3cpath fill='none' stroke='%23343a40' stroke-linecap='round' stroke-linejoin='round' stroke-width='2' d='M2 5l6 6 6-6'\/%3e%3c\/svg%3e\");\n background-repeat: no-repeat;\n background-position: right 1rem center;\n background-size: 16px 12px;\n -webkit-appearance: none;\n -moz-appearance: none;\n appearance: none;\n}\n\ntextarea.form-control {\n min-height: 140px;\n resize: vertical;\n}\n\n.privacy-policy {\n margin-top: 20px;\n font-size: 14px;\n color: #64748b;\n display: flex;\n align-items: flex-start;\n}\n\n.privacy-policy input {\n margin-top: 3px;\n margin-right: 8px;\n}\n\n.privacy-policy a {\n color: #1a5dad;\n text-decoration: none;\n font-weight: 500;\n}\n\n.privacy-policy a:hover {\n text-decoration: underline;\n}\n\n.btn-primary {\n display: inline-block;\n background-color: #1a5dad;\n color: white;\n font-weight: 600;\n padding: 14px 35px;\n border-radius: 8px;\n border: none;\n cursor: pointer;\n font-size: 16px;\n transition: all 0.2s ease;\n}\n\n.btn-primary:hover {\n background-color: #154c8c;\n transform: translateY(-2px);\n box-shadow: 0 5px 15px rgba(26, 93, 173, 0.2);\n}\n\n.form-submit {\n text-align: center;\n margin-top: 30px;\n}\n\n\/* Form validation feedback *\/\n.wpcf7-not-valid-tip {\n color: #ef4444;\n font-size: 13px;\n margin-top: 6px;\n display: block;\n}\n\n.wpcf7-response-output {\n margin: 30px 0 0 0 !important;\n padding: 15px !important;\n border-radius: 8px;\n font-size: 14px;\n text-align: center;\n}\n\n.wpcf7 form.sent .wpcf7-response-output {\n background-color: #f0fdf4;\n border-color: #86efac !important;\n color: #166534;\n}\n\n.wpcf7 form.invalid .wpcf7-response-output {\n background-color: #fef2f2;\n border-color: #fecaca !important;\n color: #b91c1c;\n}\n\n.wpcf7-list-item {\n margin: 0;\n}\n\n@media (max-width: 768px) {\n .contact-form-container {\n padding: 25px 20px;\n }\n \n .col-md-6 {\n flex: 0 0 100%;\n max-width: 100%;\n }\n \n .form-header h2 {\n font-size: 24px;\n }\n}\n\n@media (max-width: 576px) {\n .contact-form-container {\n padding: 20px 15px;\n }\n \n .btn-primary {\n width: 100%;\n }\n}\n<\/style><div class=\"wpcf7-response-output\" aria-hidden=\"true\"><\/div>\n<input type=\"hidden\" name=\"trp-form-language\" value=\"en\"\/><\/form>\n<\/div>\n<\/div>\n\t\t\t\t\t\t<\/div>\n\t\t\t\t<\/div>\n\t\t\t\t\t<\/div>\n\t\t<\/div>\n\t\t\t\t\t<\/div>\n\t\t<\/section>\n\t\t\t\t<section class=\"elementor-section elementor-top-section elementor-element elementor-element-4c3e25a elementor-section-full_width elementor-section-height-default elementor-section-height-default\" data-id=\"4c3e25a\" data-element_type=\"section\" data-e-type=\"section\">\n\t\t\t\t\t\t<div class=\"elementor-container elementor-column-gap-no\">\n\t\t\t\t\t<div class=\"elementor-column elementor-col-100 elementor-top-column elementor-element elementor-element-2eef69e\" data-id=\"2eef69e\" data-element_type=\"column\" data-e-type=\"column\">\n\t\t\t<div class=\"elementor-widget-wrap elementor-element-populated\">\n\t\t\t\t\t\t<div class=\"elementor-element elementor-element-885fdac elementor-widget elementor-widget-google_maps\" data-id=\"885fdac\" data-element_type=\"widget\" data-e-type=\"widget\" data-widget_type=\"google_maps.default\">\n\t\t\t\t<div class=\"elementor-widget-container\">\n\t\t\t\t\t\t\t<div class=\"elementor-custom-embed\">\n\t\t\t<iframe loading=\"lazy\"\n\t\t\t\t\tsrc=\"https:\/\/maps.google.com\/maps?q=Ahmet%20Sava%C5%9Fan&#038;t=m&#038;z=11&#038;output=embed&#038;iwloc=near\"\n\t\t\t\t\ttitle=\"Ahmet Sava\u015fan\"\n\t\t\t\t\taria-label=\"Ahmet Sava\u015fan\"\n\t\t\t><\/iframe>\n\t\t<\/div>\n\t\t\t\t\t\t<\/div>\n\t\t\t\t<\/div>\n\t\t\t\t\t<\/div>\n\t\t<\/div>\n\t\t\t\t\t<\/div>\n\t\t<\/section>\n\t\t\t\t<\/div>","protected":false},"excerpt":{"rendered":"<p>Contact with us Ahmet Sava\u015fan ile Ba\u011flant\u0131 Kurun Vatanda\u015flar\u0131m\u0131zla do\u011frudan ileti\u015fim kurmak bizim i\u00e7in b\u00fcy\u00fck bir \u00f6nem ta\u015f\u0131maktad\u0131r. G\u00f6r\u00fc\u015f, \u00f6neri ve taleplerinizi iletmek i\u00e7in a\u015fa\u011f\u0131daki formu doldurabilir ya da belirtilen ileti\u015fim kanallar\u0131ndan bize ula\u015fabilirsiniz. Her geri bildiriminiz, daha g\u00fc\u00e7l\u00fc bir Kuzey K\u0131br\u0131s i\u00e7in ataca\u011f\u0131m\u0131z ad\u0131mlara y\u00f6n verecektir. Aray\u0131n +90 548 858 99 99 E-Posta G\u00f6nderin [&hellip;]<\/p>","protected":false},"author":1,"featured_media":0,"parent":0,"menu_order":0,"comment_status":"closed","ping_status":"closed","template":"elementor_header_footer","meta":{"_monsterinsights_skip_tracking":false,"_monsterinsights_sitenote_active":false,"_monsterinsights_sitenote_note":"","_monsterinsights_sitenote_category":0,"footnotes":""},"class_list":["post-21","page","type-page","status-publish","hentry"],"aioseo_notices":[],"_links":{"self":[{"href":"https:\/\/ahmetsavasan.com\/en\/wp-json\/wp\/v2\/pages\/21","targetHints":{"allow":["GET"]}}],"collection":[{"href":"https:\/\/ahmetsavasan.com\/en\/wp-json\/wp\/v2\/pages"}],"about":[{"href":"https:\/\/ahmetsavasan.com\/en\/wp-json\/wp\/v2\/types\/page"}],"author":[{"embeddable":true,"href":"https:\/\/ahmetsavasan.com\/en\/wp-json\/wp\/v2\/users\/1"}],"replies":[{"embeddable":true,"href":"https:\/\/ahmetsavasan.com\/en\/wp-json\/wp\/v2\/comments?post=21"}],"version-history":[{"count":10,"href":"https:\/\/ahmetsavasan.com\/en\/wp-json\/wp\/v2\/pages\/21\/revisions"}],"predecessor-version":[{"id":19117,"href":"https:\/\/ahmetsavasan.com\/en\/wp-json\/wp\/v2\/pages\/21\/revisions\/19117"}],"wp:attachment":[{"href":"https:\/\/ahmetsavasan.com\/en\/wp-json\/wp\/v2\/media?parent=21"}],"curies":[{"name":"wp","href":"https:\/\/api.w.org\/{rel}","templated":true}]}}